{"id":936,"date":"2020-01-17T01:33:00","date_gmt":"2020-01-17T01:33:00","guid":{"rendered":"http:\/\/gideonrapp.de\/?page_id=936"},"modified":"2022-04-15T19:50:33","modified_gmt":"2022-04-15T19:50:33","slug":"hoerbeispiele","status":"publish","type":"page","link":"http:\/\/gideonrapp.de\/?page_id=936","title":{"rendered":"H\u00f6rbeispiele"},"content":{"rendered":"<p>Die Goldene Gans<\/p>\n<!--[if lt IE 9]><script>document.createElement('audio');<\/script><![endif]-->\n<audio class=\"wp-audio-shortcode\" id=\"audio-936-1\" preload=\"none\" style=\"width: 100%;\" controls=\"controls\"><source type=\"audio\/mpeg\" src=\"http:\/\/gideonrapp.de\/wp-content\/uploads\/2020\/02\/Die-goldene-Gans.mp3?_=1\" \/><a href=\"http:\/\/gideonrapp.de\/wp-content\/uploads\/2020\/02\/Die-goldene-Gans.mp3\">http:\/\/gideonrapp.de\/wp-content\/uploads\/2020\/02\/Die-goldene-Gans.mp3<\/a><\/audio>\n<p>Die Tiere feiern Weihnachten<\/p>\n<audio class=\"wp-audio-shortcode\" id=\"audio-936-2\" preload=\"none\" style=\"width: 100%;\" controls=\"controls\"><source type=\"audio\/mpeg\" src=\"http:\/\/gideonrapp.de\/wp-content\/uploads\/2020\/01\/Tiere-Weihnachten-fertig.mp3?_=2\" \/><a href=\"http:\/\/gideonrapp.de\/wp-content\/uploads\/2020\/01\/Tiere-Weihnachten-fertig.mp3\">http:\/\/gideonrapp.de\/wp-content\/uploads\/2020\/01\/Tiere-Weihnachten-fertig.mp3<\/a><\/audio>\n<p>Die Weihnachtsliste<\/p>\n<audio class=\"wp-audio-shortcode\" id=\"audio-936-3\" preload=\"none\" style=\"width: 100%;\" controls=\"controls\"><source type=\"audio\/mpeg\" src=\"http:\/\/gideonrapp.de\/wp-content\/uploads\/2020\/01\/Die-Weihnachtsliste-fertig.mp3?_=3\" \/><a href=\"http:\/\/gideonrapp.de\/wp-content\/uploads\/2020\/01\/Die-Weihnachtsliste-fertig.mp3\">http:\/\/gideonrapp.de\/wp-content\/uploads\/2020\/01\/Die-Weihnachtsliste-fertig.mp3<\/a><\/audio>\n<p>Rumpelstilzchen<\/p>\n<audio class=\"wp-audio-shortcode\" id=\"audio-936-4\" preload=\"none\" style=\"width: 100%;\" controls=\"controls\"><source type=\"audio\/mpeg\" src=\"http:\/\/gideonrapp.de\/wp-content\/uploads\/2020\/01\/Rumpelstielzchen-1-demo.mp3?_=4\" \/><a href=\"http:\/\/gideonrapp.de\/wp-content\/uploads\/2020\/01\/Rumpelstielzchen-1-demo.mp3\">http:\/\/gideonrapp.de\/wp-content\/uploads\/2020\/01\/Rumpelstielzchen-1-demo.mp3<\/a><\/audio>\n<p>Rotk\u00e4ppchen<\/p>\n<audio class=\"wp-audio-shortcode\" id=\"audio-936-5\" preload=\"none\" style=\"width: 100%;\" controls=\"controls\"><source type=\"audio\/mpeg\" src=\"http:\/\/gideonrapp.de\/wp-content\/uploads\/2020\/01\/Rotk\u00e4ppchen-1-Demo.mp3?_=5\" \/><a href=\"http:\/\/gideonrapp.de\/wp-content\/uploads\/2020\/01\/Rotk\u00e4ppchen-1-Demo.mp3\">http:\/\/gideonrapp.de\/wp-content\/uploads\/2020\/01\/Rotk\u00e4ppchen-1-Demo.mp3<\/a><\/audio>\n<p>Der Froschk\u00f6nig<\/p>\n<audio class=\"wp-audio-shortcode\" id=\"audio-936-6\" preload=\"none\" style=\"width: 100%;\" controls=\"controls\"><source type=\"audio\/mpeg\" src=\"http:\/\/gideonrapp.de\/wp-content\/uploads\/2020\/01\/Froschk\u00f6nig-1-komplettes-Demo.mp3?_=6\" \/><a href=\"http:\/\/gideonrapp.de\/wp-content\/uploads\/2020\/01\/Froschk\u00f6nig-1-komplettes-Demo.mp3\">http:\/\/gideonrapp.de\/wp-content\/uploads\/2020\/01\/Froschk\u00f6nig-1-komplettes-Demo.mp3<\/a><\/audio>\n<p>Der K\u00f6nig und das M\u00e4dchen<\/p>\n<audio class=\"wp-audio-shortcode\" id=\"audio-936-7\" preload=\"none\" style=\"width: 100%;\" controls=\"controls\"><source type=\"audio\/mpeg\" src=\"http:\/\/gideonrapp.de\/wp-content\/uploads\/2020\/01\/Der-k\u00f6nig-und-das-M\u00e4dchen-fertig.mp3?_=7\" \/><a href=\"http:\/\/gideonrapp.de\/wp-content\/uploads\/2020\/01\/Der-k\u00f6nig-und-das-M\u00e4dchen-fertig.mp3\">http:\/\/gideonrapp.de\/wp-content\/uploads\/2020\/01\/Der-k\u00f6nig-und-das-M\u00e4dchen-fertig.mp3<\/a><\/audio>\n<p>Die Sterntaler<\/p>\n<audio class=\"wp-audio-shortcode\" id=\"audio-936-8\" preload=\"none\" style=\"width: 100%;\" controls=\"controls\"><source type=\"audio\/mpeg\" src=\"http:\/\/gideonrapp.de\/wp-content\/uploads\/2020\/01\/Sterntaler-fertig-2.mp3?_=8\" \/><a href=\"http:\/\/gideonrapp.de\/wp-content\/uploads\/2020\/01\/Sterntaler-fertig-2.mp3\">http:\/\/gideonrapp.de\/wp-content\/uploads\/2020\/01\/Sterntaler-fertig-2.mp3<\/a><\/audio>\n<p>Die Bremer Stadtmusikanten<\/p>\n<audio class=\"wp-audio-shortcode\" id=\"audio-936-9\" preload=\"none\" style=\"width: 100%;\" controls=\"controls\"><source type=\"audio\/mpeg\" src=\"http:\/\/gideonrapp.de\/wp-content\/uploads\/2020\/01\/Bremerstadtmusikanten-fertig.mp3?_=9\" \/><a href=\"http:\/\/gideonrapp.de\/wp-content\/uploads\/2020\/01\/Bremerstadtmusikanten-fertig.mp3\">http:\/\/gideonrapp.de\/wp-content\/uploads\/2020\/01\/Bremerstadtmusikanten-fertig.mp3<\/a><\/audio>\n<p>Frau Holle<\/p>\n<audio class=\"wp-audio-shortcode\" id=\"audio-936-10\" preload=\"none\" style=\"width: 100%;\" controls=\"controls\"><source type=\"audio\/mpeg\" src=\"http:\/\/gideonrapp.de\/wp-content\/uploads\/2020\/01\/Frau-Holle-1-Demo.mp3?_=10\" \/><a href=\"http:\/\/gideonrapp.de\/wp-content\/uploads\/2020\/01\/Frau-Holle-1-Demo.mp3\">http:\/\/gideonrapp.de\/wp-content\/uploads\/2020\/01\/Frau-Holle-1-Demo.mp3<\/a><\/audio>\n","protected":false},"excerpt":{"rendered":"<p>Die Goldene Gans Die Tiere feiern Weihnachten Die Weihnachtsliste Rumpelstilzchen Rotk\u00e4ppchen Der Froschk\u00f6nig Der K\u00f6nig und das M\u00e4dchen Die Sterntaler Die Bremer Stadtmusikanten Frau Holle<\/p>\n","protected":false},"author":1,"featured_media":0,"parent":0,"menu_order":0,"comment_status":"closed","ping_status":"closed","template":"nosidebar-page.php","meta":[],"_links":{"self":[{"href":"http:\/\/gideonrapp.de\/index.php?rest_route=\/wp\/v2\/pages\/936"}],"collection":[{"href":"http:\/\/gideonrapp.de\/index.php?rest_route=\/wp\/v2\/pages"}],"about":[{"href":"http:\/\/gideonrapp.de\/index.php?rest_route=\/wp\/v2\/types\/page"}],"author":[{"embeddable":true,"href":"http:\/\/gideonrapp.de\/index.php?rest_route=\/wp\/v2\/users\/1"}],"replies":[{"embeddable":true,"href":"http:\/\/gideonrapp.de\/index.php?rest_route=%2Fwp%2Fv2%2Fcomments&post=936"}],"version-history":[{"count":15,"href":"http:\/\/gideonrapp.de\/index.php?rest_route=\/wp\/v2\/pages\/936\/revisions"}],"predecessor-version":[{"id":1346,"href":"http:\/\/gideonrapp.de\/index.php?rest_route=\/wp\/v2\/pages\/936\/revisions\/1346"}],"wp:attachment":[{"href":"http:\/\/gideonrapp.de\/index.php?rest_route=%2Fwp%2Fv2%2Fmedia&parent=936"}],"curies":[{"name":"wp","href":"https:\/\/api.w.org\/{rel}","templated":true}]}}