{"id":62,"date":"2015-05-09T19:27:11","date_gmt":"2015-05-09T19:27:11","guid":{"rendered":"http:\/\/gideonrapp.de\/2\/?page_id=62"},"modified":"2022-04-15T16:29:34","modified_gmt":"2022-04-15T16:29:34","slug":"vita","status":"publish","type":"page","link":"http:\/\/gideonrapp.de\/?page_id=62","title":{"rendered":"Vita"},"content":{"rendered":"<ul>\n<li>Seit seinem vierten Lebensjahr steht der in Hessen geborene 39 j\u00e4hrige Schauspieler Gideon Rapp auf der B\u00fchne. \u00dcber 5.000 Auftritte an Theatern quer durch die Republik kamen seither in 132 Produktionen zusammen. Hauptrollen, Nebenrollen, Comedy, klassisches Theater, Film oder Gastrollen in Fernsehformaten wie GZSZ, Tatort oder Verliebt in Berlin &#8211; sein Repertoire kennt fast keine Grenzen.<\/li>\n<\/ul>\n<div id=\"attachment_63\" style=\"width: 225px\" class=\"wp-caption alignright\"><a href=\"http:\/\/gideonrapp.de\/wp-content\/uploads\/2015\/05\/11.jpg\"><img aria-describedby=\"caption-attachment-63\" decoding=\"async\" loading=\"lazy\" class=\" wp-image-63\" src=\"http:\/\/gideonrapp.de\/wp-content\/uploads\/2015\/05\/11-230x300.jpg\" alt=\"DISCO - Tour\" width=\"215\" height=\"281\" srcset=\"http:\/\/gideonrapp.de\/wp-content\/uploads\/2015\/05\/11-230x300.jpg 230w, http:\/\/gideonrapp.de\/wp-content\/uploads\/2015\/05\/11-784x1024.jpg 784w, http:\/\/gideonrapp.de\/wp-content\/uploads\/2015\/05\/11-620x810.jpg 620w, http:\/\/gideonrapp.de\/wp-content\/uploads\/2015\/05\/11.jpg 1568w\" sizes=\"(max-width: 215px) 100vw, 215px\" \/><\/a><p id=\"caption-attachment-63\" class=\"wp-caption-text\">DISCO &#8211; Tour<\/p><\/div>\n<p><em>Die Presse nennt ihn barocker Mr Bean, die Mischung aus Charlie Chaplin und Karl Valentin, vergleicht ihn mit John Cleese und Jerry Lewis, die Kopie von Theo Lingen, oder als Deutschen\u00a0Capitan Jack Sparrow.\u00a0<a href=\"http:\/\/gideonrapp.de\/?page_id=243\">Presse<\/a><\/em><\/p>\n<p>Bis 2010 war Gideon Rapp Ensemblemitglied des Sandkorn-Theaters Karlsruhe und wirkte dort an rund 30 Produktionen mit, Gro\u00dfteils in Hauptrollen, wie etwa als Ferdinand in &#8222;Kabale und Liebe&#8220;, oder als Karl von Moor in Schillers &#8222;R\u00e4ubern&#8220;. Zeitgleich ging er mit dem Comedy Duo \u201eErkan und Stefan\u201c, wie auch selbstgeschriebenen Soloabenden auf Comedy Tour, die ihn bis nach England und Georgien f\u00fchrten.<\/p>\n<p>2011 hatte er mit &#8222;Komiker aus Versehen&#8220; als junger Theo Lingen an Seite von Ilja Richter sein Debut an den Schauspielb\u00fchnen Stuttgart, durfte seine Kameraerfahrung u.a im Hamburger Tatort (ARD) an Seite von Mehmet Kurtulus weiter ausbauen, mit dem er auch Shakespeares \u201eOthello\u201c auf die B\u00fchne brachte und ging mit dem Tournee Theater Landgraf auf Deutschlandtournee.<\/p>\n<div id=\"attachment_120\" style=\"width: 210px\" class=\"wp-caption alignleft\"><a href=\"http:\/\/gideonrapp.de\/wp-content\/uploads\/2015\/05\/22.jpg\"><img aria-describedby=\"caption-attachment-120\" decoding=\"async\" loading=\"lazy\" class=\" wp-image-120\" src=\"http:\/\/gideonrapp.de\/wp-content\/uploads\/2015\/05\/22-214x300.jpg\" alt=\"Stefan&#96;s Comedy Jam\" width=\"200\" height=\"280\" srcset=\"http:\/\/gideonrapp.de\/wp-content\/uploads\/2015\/05\/22-214x300.jpg 214w, http:\/\/gideonrapp.de\/wp-content\/uploads\/2015\/05\/22.jpg 731w, http:\/\/gideonrapp.de\/wp-content\/uploads\/2015\/05\/22-620x869.jpg 620w\" sizes=\"(max-width: 200px) 100vw, 200px\" \/><\/a><p id=\"caption-attachment-120\" class=\"wp-caption-text\">Stefan`s Comedy Jam<\/p><\/div>\n<p>2012 engagierte ihn Dieter Hallervorden f\u00fcr das \u201eSchlossparktheater\u201c Berlin. Das Studio Theater Stuttgart holte ihn f\u00fcr die Produktion \u201eDisco Pigs\u201c von Enda Walsh und unter der Deutschen Entertainment AG (DEAG) spielte er als Comedy Partner der Entertainer-Legende Ilja Richter in \u201e40 Jahre DISCO\u201c auf B\u00fchnen wie Zirkus Krone M\u00fcnchen, dem Tempodrom Berlin oder dem CC1 in Hamburg.<\/p>\n<p>Unter dem Motto \u201eRettet die Gaslaternen\u201c stand er 2013 in der Kom\u00f6die am Kurf\u00fcrstendamm in Berlin u.a. an der Seite von Katharina Thalbach, Walther Plathe\u00a0und\u00a0Thomas Quasthof auf der B\u00fchne.<\/p>\n<p>Nachdem er die Urauff\u00fchrung von \u201eDas Boot\u201c am Alten Schauspielhaus in Stuttgart auf die B\u00fchne gebracht hatte, engagierte\u00a0ihn 2014 das Stadttheater F\u00fcrth als Tragischer Held \u201eEraste\u201c in Molieres Kom\u00f6die\u00a0\u201edie L\u00e4stigen\u201c.<\/p>\n<div id=\"attachment_66\" style=\"width: 210px\" class=\"wp-caption alignright\"><a href=\"http:\/\/gideonrapp.de\/wp-content\/uploads\/2015\/05\/33.jpg\"><img aria-describedby=\"caption-attachment-66\" decoding=\"async\" loading=\"lazy\" class=\" wp-image-66\" src=\"http:\/\/gideonrapp.de\/wp-content\/uploads\/2015\/05\/33-212x300.jpg\" alt=\"ICEkalt erwischt\" width=\"200\" height=\"283\" srcset=\"http:\/\/gideonrapp.de\/wp-content\/uploads\/2015\/05\/33-212x300.jpg 212w, http:\/\/gideonrapp.de\/wp-content\/uploads\/2015\/05\/33-724x1024.jpg 724w, http:\/\/gideonrapp.de\/wp-content\/uploads\/2015\/05\/33-620x877.jpg 620w, http:\/\/gideonrapp.de\/wp-content\/uploads\/2015\/05\/33.jpg 1181w\" sizes=\"(max-width: 200px) 100vw, 200px\" \/><\/a><p id=\"caption-attachment-66\" class=\"wp-caption-text\">ICEkalt erwischt<\/p><\/div>\n<p>Mit den &#8222;Woesnerbrothers&#8220; baute er das neue Kom\u00f6dienhaus &#8222;Pfefferberg-Theater&#8220; in\u00a0Berlin auf und feierte im Januar 2015 mit Nathalie\u00a0Ohara und Max Tidof sein Deb\u00fct am Theater Rathaus Essen mit der Gaunerkom\u00f6die &#8222;Auf und davon\u201c.<\/p>\n<p>Wie u.a an den &#8222;Schauspielb\u00fchnen Stuttgart&#8220; kann man ihn seit 2015\u00a0auch regelm\u00e4ssig bei den &#8222;Schlossfestspielen in Neersen&#8220;, sei es als &#8222;Pfeiffer&#8220; (Feuerzangenbowle), &#8222;Eugen&#8220; (Pension Sch\u00f6ller), oder als &#8222;Schreiber Licht&#8220; u.a an Seite von &#8222;Michael Schanze&#8220; sehen.<\/p>\n<p>2017 f\u00fchrt er dort auch erstmals Regie im St\u00fcck &#8222;Michel aus L\u00f6nneberger&#8220;. Im gleichen Jahr hatte er sein Deb\u00fct an der Seite von &#8222;Andreas Elsholz&#8220;\u00a0im Neuen Theater Hannover.<\/p>\n<p>Von 2018 bis 2020 \u00a0war er festes Ensemblemitglied des Stadttheaters in Trier und\u00a0startete dort seine eigene,\u00a0komplett selbst produziert w\u00f6chentliche Radioshow &#8222;M\u00e4rchenstunde mit Gideon Rapp&#8220; (Trier\/Luxenburg\/Saarbr\u00fccken) in der er den M\u00e4rchen der Gebr\u00fcder Grimm einen modernen, eigenen Touch verleiht.<\/p>\n<p>In der Pandemiezeit entwickelte er mit dem Weltkonzern SAP &#8222;Online Theater Projekte&#8220;, welche weltweit ausgestrahlt und in die verschiedensten Sprachen \u00fcbersetzt wurden.<\/p>\n<p>Seit 2020 ist er wieder Freischaffender Schauspieler. Er ist regelm\u00e4ssig an den Schauspielb\u00fchnen Stuttgart, wie auch am Stadttheater Trier zu sehen.<\/p>\n<p><span style=\"line-height: 1.5;\">Die Schauspielb\u00fchnen Stuttgart verliehen ihm den F\u00f6rderpreis als \u201eBester Nachwuchsschauspieler&#8220;.<\/span><\/p>\n<p><span style=\"line-height: 1.5;\">Gideon Rapp spielt Schlagzeug \/ Beat Box \/ Gitarre und beherrscht verschiedene Dialekte.<\/span><\/p>\n<p>Agentur: ZAV.<\/p>\n\n\t\t<style type=\"text\/css\">\n\t\t\t#gallery-1 {\n\t\t\t\tmargin: auto;\n\t\t\t}\n\t\t\t#gallery-1 .gallery-item {\n\t\t\t\tfloat: left;\n\t\t\t\tmargin-top: 10px;\n\t\t\t\ttext-align: center;\n\t\t\t\twidth: 16%;\n\t\t\t}\n\t\t\t#gallery-1 img {\n\t\t\t\tborder: 2px solid #cfcfcf;\n\t\t\t}\n\t\t\t#gallery-1 .gallery-caption {\n\t\t\t\tmargin-left: 0;\n\t\t\t}\n\t\t\t\/* see gallery_shortcode() in wp-includes\/media.php *\/\n\t\t<\/style>\n\t\t<div id='gallery-1' class='gallery galleryid-62 gallery-columns-6 gallery-size-medium'><dl class='gallery-item'>\n\t\t\t<dt class='gallery-icon landscape'>\n\t\t\t\t<a href='http:\/\/gideonrapp.de\/?attachment_id=503'><img width=\"300\" height=\"225\" src=\"http:\/\/gideonrapp.de\/wp-content\/uploads\/2015\/05\/IMG_6213-300x225.jpg\" class=\"attachment-medium size-medium\" alt=\"\" decoding=\"async\" loading=\"lazy\" srcset=\"http:\/\/gideonrapp.de\/wp-content\/uploads\/2015\/05\/IMG_6213-300x225.jpg 300w, http:\/\/gideonrapp.de\/wp-content\/uploads\/2015\/05\/IMG_6213-1024x768.jpg 1024w, http:\/\/gideonrapp.de\/wp-content\/uploads\/2015\/05\/IMG_6213.jpg 2048w\" sizes=\"(max-width: 300px) 100vw, 300px\" \/><\/a>\n\t\t\t<\/dt><\/dl><dl class='gallery-item'>\n\t\t\t<dt class='gallery-icon landscape'>\n\t\t\t\t<a href='http:\/\/gideonrapp.de\/?attachment_id=71'><img width=\"300\" height=\"225\" src=\"http:\/\/gideonrapp.de\/wp-content\/uploads\/2015\/05\/Aschaffenburg-300x225.jpg\" class=\"attachment-medium size-medium\" alt=\"\" decoding=\"async\" loading=\"lazy\" srcset=\"http:\/\/gideonrapp.de\/wp-content\/uploads\/2015\/05\/Aschaffenburg-300x225.jpg 300w, http:\/\/gideonrapp.de\/wp-content\/uploads\/2015\/05\/Aschaffenburg-1024x768.jpg 1024w, http:\/\/gideonrapp.de\/wp-content\/uploads\/2015\/05\/Aschaffenburg-620x465.jpg 620w, http:\/\/gideonrapp.de\/wp-content\/uploads\/2015\/05\/Aschaffenburg.jpg 2048w\" sizes=\"(max-width: 300px) 100vw, 300px\" \/><\/a>\n\t\t\t<\/dt><\/dl><dl class='gallery-item'>\n\t\t\t<dt class='gallery-icon landscape'>\n\t\t\t\t<a href='http:\/\/gideonrapp.de\/?attachment_id=72'><img width=\"300\" height=\"225\" src=\"http:\/\/gideonrapp.de\/wp-content\/uploads\/2015\/05\/Augsburg-G\u00f6ggingen-300x225.jpg\" class=\"attachment-medium size-medium\" alt=\"\" decoding=\"async\" loading=\"lazy\" srcset=\"http:\/\/gideonrapp.de\/wp-content\/uploads\/2015\/05\/Augsburg-G\u00f6ggingen-300x225.jpg 300w, http:\/\/gideonrapp.de\/wp-content\/uploads\/2015\/05\/Augsburg-G\u00f6ggingen-1024x768.jpg 1024w, http:\/\/gideonrapp.de\/wp-content\/uploads\/2015\/05\/Augsburg-G\u00f6ggingen-620x465.jpg 620w, http:\/\/gideonrapp.de\/wp-content\/uploads\/2015\/05\/Augsburg-G\u00f6ggingen.jpg 2048w\" sizes=\"(max-width: 300px) 100vw, 300px\" \/><\/a>\n\t\t\t<\/dt><\/dl><dl class='gallery-item'>\n\t\t\t<dt class='gallery-icon landscape'>\n\t\t\t\t<a href='http:\/\/gideonrapp.de\/?attachment_id=70'><img width=\"300\" height=\"225\" src=\"http:\/\/gideonrapp.de\/wp-content\/uploads\/2015\/05\/Amberg-300x225.jpg\" class=\"attachment-medium size-medium\" alt=\"\" decoding=\"async\" loading=\"lazy\" srcset=\"http:\/\/gideonrapp.de\/wp-content\/uploads\/2015\/05\/Amberg-300x225.jpg 300w, http:\/\/gideonrapp.de\/wp-content\/uploads\/2015\/05\/Amberg-1024x768.jpg 1024w, http:\/\/gideonrapp.de\/wp-content\/uploads\/2015\/05\/Amberg-620x465.jpg 620w\" sizes=\"(max-width: 300px) 100vw, 300px\" \/><\/a>\n\t\t\t<\/dt><\/dl><dl class='gallery-item'>\n\t\t\t<dt class='gallery-icon landscape'>\n\t\t\t\t<a href='http:\/\/gideonrapp.de\/?attachment_id=76'><img width=\"300\" height=\"225\" src=\"http:\/\/gideonrapp.de\/wp-content\/uploads\/2015\/05\/Erlangen-300x225.jpg\" class=\"attachment-medium size-medium\" alt=\"\" decoding=\"async\" loading=\"lazy\" srcset=\"http:\/\/gideonrapp.de\/wp-content\/uploads\/2015\/05\/Erlangen-300x225.jpg 300w, http:\/\/gideonrapp.de\/wp-content\/uploads\/2015\/05\/Erlangen-1024x768.jpg 1024w, http:\/\/gideonrapp.de\/wp-content\/uploads\/2015\/05\/Erlangen-620x465.jpg 620w\" sizes=\"(max-width: 300px) 100vw, 300px\" \/><\/a>\n\t\t\t<\/dt><\/dl><dl class='gallery-item'>\n\t\t\t<dt class='gallery-icon landscape'>\n\t\t\t\t<a href='http:\/\/gideonrapp.de\/?attachment_id=74'><img width=\"300\" height=\"225\" src=\"http:\/\/gideonrapp.de\/wp-content\/uploads\/2015\/05\/Bochum-300x225.jpg\" class=\"attachment-medium size-medium\" alt=\"\" decoding=\"async\" loading=\"lazy\" srcset=\"http:\/\/gideonrapp.de\/wp-content\/uploads\/2015\/05\/Bochum-300x225.jpg 300w, http:\/\/gideonrapp.de\/wp-content\/uploads\/2015\/05\/Bochum-1024x768.jpg 1024w, http:\/\/gideonrapp.de\/wp-content\/uploads\/2015\/05\/Bochum-620x465.jpg 620w, http:\/\/gideonrapp.de\/wp-content\/uploads\/2015\/05\/Bochum.jpg 2048w\" sizes=\"(max-width: 300px) 100vw, 300px\" \/><\/a>\n\t\t\t<\/dt><\/dl><br style=\"clear: both\" \/>\n\t\t<\/div>\n\n<p><strong>Engagements<\/strong><\/p>\n<p>Schlosspark-Theater Berlin, Altes Schauspielhaus Stuttgart, Kom\u00f6die am Marquardt Stuttgart, Stadttheater F\u00fcrth, Tourneetheater Landgraf\/Thespiskarren, DEAG Deutsche Entertainment AG, Schlossfestspiele Neersen, Sandkorntheater Karlsruhe, Knabb Konzerte M\u00fcnchen, Studio Theater Stuttgart, Kellertheater (Frankfurt), Theater am Rathaus Essen, Galli Theater Freiburg, Kammertheater Karlsruhe, Erwin Leisinger B\u00fchne, Neues Theater Hannover, Kom\u00f6die am Altstadtmarkt Braunschweig, Stadttheater Trier&#8230;<\/p>\n<p><strong>Gastspiele<\/strong><\/p>\n<p><span style=\"line-height: 1.5;\">Kom\u00f6die am Kurf\u00fcrstendam, Ernst-Deutsch-Theater Hamburg, Stadttheater Konstanz, Tempodrom Berlin, Cirkus Krone M\u00fcnchen, Vagantenb\u00fchne Berlin, Theater der Altstadt Stuttgart, Schlosstheater Fulda, Stadttheater Aschaffenburg, Parktheater Augsburg G\u00f6ggingen, Stadttheater Lingen, Stadttheater Ratingen, Stadttheater Worms, Gallus Theater Frankfurt, Stadttheater Marl, Freilichtb\u00fchnen Wetzler, CC1 (Hamburg) Mitsubishi Electric Halle (D\u00fcsseldorf), Siegerlandhalle (Siegen), Liederhalle (Stuttgart), Theatre studio Modehnake (Georgien) \u2026<\/span><\/p>\n<p><strong>Referenzen:<\/strong><\/p>\n<p>Eigene Video\/Trailer Produktionen\/Vortr\u00e4ge f\u00fcr &#8222;Lambertz&#8220;, &#8222;InTouch&#8220;, ZDF Morgenmagazin&#8220;, &#8222;Westdeutschen Rundfunk&#8220;, &#8222;Volle Kanne&#8220;,&#8220;WDR 4&#8243;, &#8222;SAP&#8220;, &#8222;Lionsclub&#8220;&#8230;.<\/p>\n","protected":false},"excerpt":{"rendered":"<p>Seit seinem vierten Lebensjahr steht der in Hessen geborene 39 j\u00e4hrige Schauspieler Gideon Rapp auf der B\u00fchne. \u00dcber 5.000 Auftritte an Theatern quer durch die Republik kamen seither in 132 Produktionen zusammen. Hauptrollen, Nebenrollen, Comedy, klassisches Theater, Film oder Gastrollen &hellip; <a class=\"more-link\" href=\"http:\/\/gideonrapp.de\/?page_id=62\">Weiterlesen <span class=\"meta-nav\">&rarr;<\/span><\/a><\/p>\n","protected":false},"author":1,"featured_media":0,"parent":0,"menu_order":1,"comment_status":"closed","ping_status":"closed","template":"nosidebar-page.php","meta":[],"_links":{"self":[{"href":"http:\/\/gideonrapp.de\/index.php?rest_route=\/wp\/v2\/pages\/62"}],"collection":[{"href":"http:\/\/gideonrapp.de\/index.php?rest_route=\/wp\/v2\/pages"}],"about":[{"href":"http:\/\/gideonrapp.de\/index.php?rest_route=\/wp\/v2\/types\/page"}],"author":[{"embeddable":true,"href":"http:\/\/gideonrapp.de\/index.php?rest_route=\/wp\/v2\/users\/1"}],"replies":[{"embeddable":true,"href":"http:\/\/gideonrapp.de\/index.php?rest_route=%2Fwp%2Fv2%2Fcomments&post=62"}],"version-history":[{"count":80,"href":"http:\/\/gideonrapp.de\/index.php?rest_route=\/wp\/v2\/pages\/62\/revisions"}],"predecessor-version":[{"id":1306,"href":"http:\/\/gideonrapp.de\/index.php?rest_route=\/wp\/v2\/pages\/62\/revisions\/1306"}],"wp:attachment":[{"href":"http:\/\/gideonrapp.de\/index.php?rest_route=%2Fwp%2Fv2%2Fmedia&parent=62"}],"curies":[{"name":"wp","href":"https:\/\/api.w.org\/{rel}","templated":true}]}}