{"id":243,"date":"2015-05-09T22:50:11","date_gmt":"2015-05-09T22:50:11","guid":{"rendered":"http:\/\/gideonrapp.de\/2\/?page_id=243"},"modified":"2022-04-15T20:02:52","modified_gmt":"2022-04-15T20:02:52","slug":"presse","status":"publish","type":"page","link":"http:\/\/gideonrapp.de\/?page_id=243","title":{"rendered":"Presse"},"content":{"rendered":"<p><strong><span style=\"font-size: 12pt; font-family: verdana, geneva, sans-serif;\">Die L\u00e4stigen<\/span><a href=\"http:\/\/gideonrapp.de\/wp-content\/uploads\/2022\/04\/IMG_0360-1.jpg\"><img decoding=\"async\" loading=\"lazy\" class=\"alignright wp-image-1353\" src=\"http:\/\/gideonrapp.de\/wp-content\/uploads\/2022\/04\/IMG_0360-1-300x169.jpg\" alt=\"\" width=\"414\" height=\"233\" srcset=\"http:\/\/gideonrapp.de\/wp-content\/uploads\/2022\/04\/IMG_0360-1-300x169.jpg 300w, http:\/\/gideonrapp.de\/wp-content\/uploads\/2022\/04\/IMG_0360-1-1024x576.jpg 1024w, http:\/\/gideonrapp.de\/wp-content\/uploads\/2022\/04\/IMG_0360-1-768x432.jpg 768w, http:\/\/gideonrapp.de\/wp-content\/uploads\/2022\/04\/IMG_0360-1-1536x864.jpg 1536w, http:\/\/gideonrapp.de\/wp-content\/uploads\/2022\/04\/IMG_0360-1.jpg 2048w\" sizes=\"(max-width: 414px) 100vw, 414px\" \/><\/a><\/strong><\/p>\n<p>&#8222;&#8230; ein barocker Mr. Bean &#8230; was der junge Gideon Rapp an Situationskomik, Akrobatik und Kletterk\u00fcnsten aus diesem Nichts an Rolle holt, garantiert neunzig pausenlose Comedy-Minuten und Lachsalven.&#8220; (Bayrische Staatszeitung)<\/p>\n<p>&#8222;Zu verdanken ist der B\u00fchnenspa\u00df vor allem dem Darsteller von Molieres Hauptfigur Eraste, den Gideon Rapp in seiner bis ins Detail stimmigen Studie als ziemlich einf\u00e4ltiger Liebhaber in einer Mischung aus Charlie Chaplin und Karl Valentin auf die B\u00fchne zappelt und damit nicht nur einmal Beifall auf offener Szene erh\u00e4lt.&#8220;<\/p>\n<p>&#8222;Willkommen im Bund von John Cleese und seinen witzigen Mannen&#8230;so muss der Arme klettern und krabbeln und sich abm\u00fchen, dass es eine akrobatische Freude ist! Auch, weil Gideon Rapp sich schier atemberaubend hineinsteigert in seine N\u00f6te und den Nonsense-Slapstick zur Kunst macht&#8230;&#8220; (N\u00fcrnberger Zeitung)<\/p>\n<p>&#8222;Gideon Rapp und Frank Watzke sind als Multitalente in kabarettistischer Zuspitzung die Zugpferde dieses Kom\u00f6dien Galopps.&#8220; (Die Deutsche B\u00fchne)<\/p>\n<p><span style=\"font-family: verdana, geneva, sans-serif; font-size: 12pt;\"><strong>Komiker aus Versehen<\/strong><\/span><\/p>\n<p>In der Rolle gl\u00e4nzte Gideon Rapp. Der junge Schauspieler besitzt ein begnadetes K\u00f6nnen, seinen K\u00f6rper einzusetzen. Einmal waren der Gang und seine Haltung steif, im n\u00e4chsten Moment der K\u00f6rper biegsam und elastisch, so dass lustigen Bewegungen das Publikum zum Lachen brachte. Man kann davon ausgehen, dass Rapp noch eine gl\u00e4nzende Karriere vor sich hat. (Mittelbayrische Zeitung)<\/p>\n<p>Hier wurde deutsche Geschichte lebendig: wie Gideon Rapp nacheinander den \u00f6lig glatten Theaterf\u00fcrsten Gustav Gr\u00fcndgens, der Lingen beruflich half, darstellte und dann den im Machtapparat den f\u00fcr NS-Kulturfragen zust\u00e4ndigen Dr. Goebbels mit einer maskenhaft diktatorischen Pr\u00e4zision zeichnete, zwischen Wutausbruch und gespielter Freundlichkeit, das vermittelte den Abgrund, an dem sich Lingen damals bewegte.<\/p>\n<p><span style=\"line-height: 1.5;\">(derwesten.de)<\/span><\/p>\n<p>Der in allen Belangen restlos \u00fcberzeugende Gideon Rapp, der den jungen Lingen herausragend verk\u00f6rperte und ihn in Gestik, Mimik und gerade stimmlich lebensecht nachahmte, studierte die Rolle des K\u00f6nigs in seiner Garderobe bis in die kleinste Einzelheit exakt ein und gab sie auf der B\u00fchne ebenso perfekt wieder.<br \/>\n(ruhrnachrichten.de)<\/p>\n<p>&#8222;Gideon Rapp und Ilja Richter verk\u00f6rpern den komischen, aber auch den nachdenklichen Darsteller in allen Lebenslagen so nachvollziehbar und authentisch, dass der Grenzgang, den der wahre Theo Lingen vollzog, sp\u00fcrbar wird &#8211; beide treffen den typischen Lingen-Ton sehr genau&#8230;&#8220;<br \/>\n(Premiere \u201eKomiker aus Versehen\u201c \u00a0Stuttgarter Zeitung)<\/p>\n<p><strong><span style=\"font-family: verdana, geneva, sans-serif; font-size: 12pt;\">80 Tage um die Welt<\/span><\/strong><\/p>\n<p>Gideon Rapp mimnte den selbstbeherrschten Gentleman Fogg, der mit jedem Reisekilometer mehr Lockerheit und Abenteuerlust bekam, grandios. Die Rolle passte wie ein englischer Ma\u00dfanzug.<br \/>\n( Westdeutsche Zeitung)<\/p>\n<p>Der Star aber ist Gideon Rapp. Der junge Schauspieler ist absolut authentisch in der Rolle des englischen Gentlemans Phileas Foog, Haltung, Mimik, Gestik, Sprachduktus &#8211; Gideon Rapp ist Phileas Foog und zeigt das mit unverhohlener Spielfreude.<br \/>\n( RP Online)<\/p>\n<p><span style=\"font-size: 12pt; font-family: verdana, geneva, sans-serif;\"><strong>Der gestiefelte Kater<\/strong><\/span><\/p>\n<p>Neersener Rapp-Spiele haben begonnen. Als gewiefter und gewitzter gestiefelter Kater und verliebter Spanischer Edelmann setzt Gideon Rapp im Kinderst\u00fcck dieser Saison nicht nur ein Ausrufezeichen. Jede Gestik, jede Mimik, jede Pose stimmt, passt perfekt zum geschmeidigen Spiel auf glatten Neersener B\u00fchnenbrettern. Er beherrscht sie bis in jedes Detail, mal leicht und heiter, oft elegant, dann wieder k\u00e4mpferisch und aufbrausend. Er ist so eins mit der Rolle, dass man in einem kurzen erlaubten Gedankensprungvon Neersen nach Hollywood l\u00e4chelnd an Johnny Depp in seiner abenteuerlichen Rolle als Kapit\u00e4n Jack Sparroh denkt. (WZ)<\/p>\n<p>&#8230;Besonders Gideon Rapp, bereits im Vorjahr als Phileas Fogg einer der besten Schauspieler in Neersen, verstr\u00f6mt als Edelmann Don Miguel de la Salamancas so viel Charme und spanisches Temperament, dass die Zuschauer, die in von der Festspielleitung ausgegebenen gelben Regencapes geh\u00fcllt sind, das Wetter fast vergessen. (Rheinische Post )<\/p>\n<p><span style=\"font-family: verdana, geneva, sans-serif; font-size: 12pt;\"><strong>Kein und Aber<\/strong><\/span><\/p>\n<p>..der junge Mime so fantastisch gut, dass er die Besucher total begeistern vermochte und der Schlussbeifall zur Ovation geriet.<br \/>\n(Premiere \u201eKein und Aber\u201c Offenburger Tageblatt)<\/p>\n<p><span style=\"font-size: 12pt; font-family: verdana, geneva, sans-serif;\"><strong>ICEkalt erwischt<\/strong><\/span><\/p>\n<p>\u201eGideon Rapp und seine gro\u00dfartige Schauspielkunst\u201c<br \/>\n\u2026an der Schauspielkunst Rapps, der es schafft den Bogen vom Anfangsklamauk \u00fcber die Situationskomik, bis zur bittersten Schw\u00e4rze zu spannen, was \u201eICEkalt erwischt\u201c zu weit mehr macht als \u201eComedy in einem Zug\u201c wie es in der Ank\u00fcndigung hei\u00dft.<br \/>\n(Premiere \u201eICEkalt erwischt\u201c BNN)<\/p>\n<p><strong><span style=\"font-size: 12pt; font-family: verdana, geneva, sans-serif;\">Pension Sch\u00f6ller<\/span><\/strong><\/p>\n<p>Zum Publikumsliebling avancierte aber ganz schnell Gideon Rapp, den verhinderten Schauspieler mit dem Sprachfehler. Allein f\u00fcr jedes &#8222;L&#8220; ein &#8222;N&#8220; zu sprechen, war allein ein Glanzst\u00fcck. Aber seine \u00fcbertriebenen Kostproben aus &#8222;Hamnet&#8220; und &#8222;Wannensteins Nager&#8220; von Schinner, immer mit dem Reclam-Heft in der Hand deklamierend, waren allein schon ein riesiger Spa\u00df<br \/>\n(rp online)<\/p>\n<p>Gideon Rapp verk\u00f6rpert Eugen R\u00fcmpel, wie der selbstbewusste Wortakrobat mit vollem Namen hei\u00dft, vortrefflich. Seine Texte (\u201eIch habe anne gro\u00dfen Knassiker genesen\u201c) urkomisch, sein Schauspiel fabelhaft \u2013 so machen die Festspiele Spa\u00df.<br \/>\n(westdeutsche Zeitung)<\/p>\n<p>In einem Atemzug mit Hauptdarsteller Kick muss man aber auch Gideon Rapp nennen, der Sch\u00f6llers Ziehsohn Eugen R\u00fcmpel spielt, der sich trotz eines Sprachfehlers f\u00fcr einen begnadeten Schauspieler h\u00e4lt. Rapp \u00fcberzieht diese Figur so gnadenlos, dass die Zuschauer Tr\u00e4nen lachten. Man kann nur hoffen, dass Gideon Rapp noch in weiteren Spielzeiten zu sehen sein wird.<br \/>\n(Willcher Nachrichten)<\/p>\n<p><strong><span style=\"font-size: 12pt; font-family: verdana, geneva, sans-serif;\">Die Feuerzangenbowle<\/span><\/strong><\/p>\n<p>Hauptdarsteller Gideon Rapp verk\u00f6rpert Pfeiffer nahezu in Perfektion. Besonders dann, wenn die Klasse im Chemieunterricht von Professor Frey die alkoholische G\u00e4rung live erlebt, braucht Rapp den R\u00fchmann-Vergleich nicht zu f\u00fcrchten.<br \/>\n(Westdeutsche Zeitung)<\/p>\n<p>Es ist keine leichte Aufgabe, den \u201ePfeiffer mit drei fff\u201c zu spielen- seit mehr als 70 Jahren untrennbar mit Heinz R\u00fchmann verbunden. Gideon Rapp aber gelingt es trotzdem &#8211; das, und noch viel mehr. Es ist ein Vergn\u00fcgen anzusehen, wie der 33-J\u00e4hrige seinen Pfeiffer in die Rolle hineinwachsen l\u00e4sst.<br \/>\n(Rheinische Post)<\/p>\n<p>Die Rolle des Hans Pfeiffer (mit drei f) wurde mit Gideon Rapp besetzt, der zuletzt als gestiefelter Kater gegl\u00e4nzt hatte und sp\u00e4testens seit \u201ePension Sch\u00f6ller\u201c als Shooting-Star des Ensembles gilt.<br \/>\n(Williger Nachrichten)<\/p>\n<p><span style=\"font-size: 12pt; font-family: verdana, geneva, sans-serif;\"><strong>Das Dschungelbuch<\/strong><\/span><\/p>\n<p>Keiner kann so herrlich d\u00e4mlich in die Menschenrunde klotzen wie Gideon Rapp als Affenchef, der unter einer rotbraunen Dreadlock-Per\u00fccke mit zwei Zigaretten in der Nase und Mercedesstern um den Hals seinem Gegen\u00fcber zu verstehen gibt: \u201eWir \u00e4hneln uns, nur du bist nicht so Intellekt wie wir\u201c. Wie Rapp diesen vor schusseliger Coolness nur so strotzenden Affen verk\u00f6rpert, bis seine Arme auf Orang-Utan-m\u00e4\u00dfiger L\u00e4nge zu baumeln scheinen, muss man erlebt haben. (&#8230;) Einen grandiosen Ausdruckst\u00e4nzer gibt schlie\u00dflich Gideon Rapp in seiner zweiten Rolle als geschmeidiger Panther Baghira.<br \/>\n(Premiere \u201eDschungelbuch\u201c \u00a0BNN)<\/p>\n<p>\u2026Auftrumpfen konnte Rapp vor allem mit seiner Darstellung von Rotk\u00e4ppchen als versoffene Dirne und dem Wolf \u2013 da blieb wohl kein Auge trocken.<br \/>\n(Premiere \u201eGrimmige M\u00e4rchen Frei ab 18&#8243; BNN)<\/p>\n<p><span style=\"font-family: verdana, geneva, sans-serif;\"><strong>Viel L\u00e4rm um Nichts<\/strong><\/span><\/p>\n<p>Gideon Rapp h\u00e4lt die Figur des arglosen Claudio gl\u00e4nzend in der Schwebe zwischen Dummheit und Ergebenheit (Esslingen Zeitung )<\/p>\n<p><span style=\"font-size: 12pt; font-family: verdana, geneva, sans-serif;\"><strong>Shakespeare in Hollywood<\/strong><\/span><\/p>\n<p>\u2026Gideon Rapp liefert als sein Assistent Daryl ein Kabinettst\u00fcck grotesker Slapstick-Komik a la Jerry Lewis..<br \/>\n(Premiere \u201eShakespeare in Hollywood\u201c Rheinpfalz)<\/p>\n<p><span style=\"font-size: 12pt; font-family: verdana, geneva, sans-serif;\"><strong>Kabale und Liebe<\/strong><\/span><\/p>\n<p>\u2026der typischen Sturm- und -Drang Figur des Ferdinand, von Gideon Rapp emphatisch und voll jugendlichem \u00dcberschwung gespielt\u2026.<br \/>\n(Premiere \u201eKabale und Liebe\u201c \u00a0Offenburger Tageblatt)<\/p>\n<p><span style=\"font-size: 12pt; font-family: verdana, geneva, sans-serif;\"><strong>Feindliche \u00dcbernahme<\/strong><\/span><\/p>\n<p>\u2026.Gideon Rapp ein wirklich widerw\u00e4rtig-weinerlicher Manager (Stromp) der es schafft, dass bei aller Komik immer wieder das Lachen im Halse stecken bleibt, wenn sich die Einsicht Weg bahnt: Die Satire ist Realit\u00e4t. Pr\u00e4dikat: Absolut sehenswert.<br \/>\n(Premiere \u201eFeindliche \u00dcbernahme\u201c BNN)<\/p>\n","protected":false},"excerpt":{"rendered":"<p>Die L\u00e4stigen &#8222;&#8230; ein barocker Mr. Bean &#8230; was der junge Gideon Rapp an Situationskomik, Akrobatik und Kletterk\u00fcnsten aus diesem Nichts an Rolle holt, garantiert neunzig pausenlose Comedy-Minuten und Lachsalven.&#8220; (Bayrische Staatszeitung) &#8222;Zu verdanken ist der B\u00fchnenspa\u00df vor allem dem &hellip; <a class=\"more-link\" href=\"http:\/\/gideonrapp.de\/?page_id=243\">Weiterlesen <span class=\"meta-nav\">&rarr;<\/span><\/a><\/p>\n","protected":false},"author":1,"featured_media":0,"parent":0,"menu_order":5,"comment_status":"closed","ping_status":"closed","template":"nosidebar-page.php","meta":[],"_links":{"self":[{"href":"http:\/\/gideonrapp.de\/index.php?rest_route=\/wp\/v2\/pages\/243"}],"collection":[{"href":"http:\/\/gideonrapp.de\/index.php?rest_route=\/wp\/v2\/pages"}],"about":[{"href":"http:\/\/gideonrapp.de\/index.php?rest_route=\/wp\/v2\/types\/page"}],"author":[{"embeddable":true,"href":"http:\/\/gideonrapp.de\/index.php?rest_route=\/wp\/v2\/users\/1"}],"replies":[{"embeddable":true,"href":"http:\/\/gideonrapp.de\/index.php?rest_route=%2Fwp%2Fv2%2Fcomments&post=243"}],"version-history":[{"count":29,"href":"http:\/\/gideonrapp.de\/index.php?rest_route=\/wp\/v2\/pages\/243\/revisions"}],"predecessor-version":[{"id":1354,"href":"http:\/\/gideonrapp.de\/index.php?rest_route=\/wp\/v2\/pages\/243\/revisions\/1354"}],"wp:attachment":[{"href":"http:\/\/gideonrapp.de\/index.php?rest_route=%2Fwp%2Fv2%2Fmedia&parent=243"}],"curies":[{"name":"wp","href":"https:\/\/api.w.org\/{rel}","templated":true}]}}